{"id":12,"date":"2019-08-01T20:31:47","date_gmt":"2019-08-01T20:31:47","guid":{"rendered":"http:\/\/sportjudo.cz\/?page_id=12"},"modified":"2025-04-28T11:19:47","modified_gmt":"2025-04-28T09:19:47","slug":"kontakt","status":"publish","type":"page","link":"http:\/\/sportjudo.cz\/?page_id=12","title":{"rendered":"Kontakt"},"content":{"rendered":"\r\n<h3>Sport Judo Litom\u011b\u0159ice z.s.<br>Ladova 5<br>Litom\u011b\u0159ice<br>412 01<\/h3>\r\n<p>\u010c\u00edslo \u00fa\u010dtu: 192000784\/0600<\/p>\r\n<p>I\u010cO:62768514&nbsp;<\/p>\r\n<p>P\u0159edseda odd\u00edlu:<\/p>\r\n<p>V\u00e1clav \u010cerv\u00edn 605 150 595 &#8211; cervin.v(zavinac)seznam.cz<\/p>\r\n<p>&nbsp;<\/p>\r\n<p><iframe loading=\"lazy\" src=\"http:\/\/maps.google.com\/maps\/ms?source=s_q&amp;hl=cs&amp;geocode=&amp;num=10&amp;ie=UTF8&amp;t=h&amp;msa=0&amp;msid=104928569289599518759.000475bc17d00bc4d31f8&amp;ll=50.54677,14.128665&amp;spn=0.004772,0.00912&amp;z=16&amp;output=embed\" width=\"760\" height=\"600\" frameborder=\"0\" marginwidth=\"0\" marginheight=\"0\" scrolling=\"no\"><\/iframe><\/p>\r\n","protected":false},"excerpt":{"rendered":"<p>Sport Judo Litom\u011b\u0159ice z.s.Ladova 5Litom\u011b\u0159ice412 01 \u010c\u00edslo \u00fa\u010dtu: 192000784\/0600 I\u010cO:62768514&nbsp; P\u0159edseda odd\u00edlu: V\u00e1clav \u010cerv\u00edn 605 150 595 &#8211; cervin.v(zavinac)seznam.cz &nbsp;<\/p>\n","protected":false},"author":1,"featured_media":0,"parent":0,"menu_order":12,"comment_status":"closed","ping_status":"closed","template":"","meta":{"ngg_post_thumbnail":0},"_links":{"self":[{"href":"http:\/\/sportjudo.cz\/index.php?rest_route=\/wp\/v2\/pages\/12"}],"collection":[{"href":"http:\/\/sportjudo.cz\/index.php?rest_route=\/wp\/v2\/pages"}],"about":[{"href":"http:\/\/sportjudo.cz\/index.php?rest_route=\/wp\/v2\/types\/page"}],"author":[{"embeddable":true,"href":"http:\/\/sportjudo.cz\/index.php?rest_route=\/wp\/v2\/users\/1"}],"replies":[{"embeddable":true,"href":"http:\/\/sportjudo.cz\/index.php?rest_route=%2Fwp%2Fv2%2Fcomments&post=12"}],"version-history":[{"count":11,"href":"http:\/\/sportjudo.cz\/index.php?rest_route=\/wp\/v2\/pages\/12\/revisions"}],"predecessor-version":[{"id":2167,"href":"http:\/\/sportjudo.cz\/index.php?rest_route=\/wp\/v2\/pages\/12\/revisions\/2167"}],"wp:attachment":[{"href":"http:\/\/sportjudo.cz\/index.php?rest_route=%2Fwp%2Fv2%2Fmedia&parent=12"}],"curies":[{"name":"wp","href":"https:\/\/api.w.org\/{rel}","templated":true}]}}