{"id":32,"date":"2019-08-01T20:42:46","date_gmt":"2019-08-01T20:42:46","guid":{"rendered":"http:\/\/sportjudo.cz\/?page_id=32"},"modified":"2020-09-17T13:46:42","modified_gmt":"2020-09-17T11:46:42","slug":"rozpis-odpolednich-treninku","status":"publish","type":"page","link":"http:\/\/sportjudo.cz\/?page_id=32","title":{"rendered":"Rozpis odpoledn\u00edch tr\u00e9nink\u016f"},"content":{"rendered":"\n<table  data-tablesaw-mode=\"swipe\" data-tablesaw-minimap>\n\t\t<thead>\n\t\t<tr>\n\t\t\t<th id=\"pp-table-col-1\" scope=\"col\" data-tablesaw-sortable-col>Rozpis odpoledn\u00edch tr\u00e9nink\u016f (platn\u00fd od 1.9.2020)<\/th>\t\t<\/tr>\n\t<\/thead>\n\t\t<tbody>\n\t\t<tr><td>Pond\u011bl\u00ed<\/td><td>n\u00e1bor\n15:30-16:30<\/td><td>\u017eactvo, dorost, junio\u0159i\n17:00-18:30<\/td><td>rehabilitace (Z\u0160)\n19:00-20:00<\/td><\/tr><tr><td>\u00dater\u00fd<\/td><td>\u017eactvo\n15:00-16:30<\/td><td>p\u0159\u00edpravka\n16:30-17:30<\/td><td>dorost, junio\u0159i\n17:30-19:00<\/td><\/tr><tr><td>St\u0159eda<\/td><td>p\u0159\u00edpravka\n15:30-17:00<\/td><td>\u017eactvo, dorost, junio\u0159i\n17:00-18:30<\/td><td>dorost, junio\u0159i (Z\u0160)\n19:00-19:30<\/td><\/tr><tr><td>\u010ctvrtek<\/td><td>n\u00e1bor\n15:30-16:30<\/td><td>\u017eactvo\n16:30-18:00<\/td><td>dorost, junio\u0159i\n18:00-19:30<\/td><\/tr><tr><td>P\u00e1tek<\/td><td>\u017eactvo\n14:00-15:00<\/td><td>p\u0159\u00edpravka\n15:30-17:00<\/td><td>dorost, junio\u0159i\n17:00-18:30<\/td><\/tr><tr><td>Sobota<\/td><td><\/td><td>dorost, junio\u0159i\n17:30-19:00<\/td><td><\/td><\/tr>\t<\/tbody>\n<\/table>\n\t<p>Rozpis odpoledn\u00edch tr\u00e9nink\u016f je platn\u00fd od 1.9.2020.<\/p>\n<table cellspacing=\"10px\" cellpadding=\"10px\">\n<tbody>\n<tr>\n<td>Po<\/td>\n<td>&nbsp;\n&nbsp;<\/td>\n<td>n\u00e1bor<br \/>\n15:30-16:30\n&nbsp;<\/td>\n<td>\u017eactvo, dorost, jun<br \/>\n17:00-18:30\n&nbsp;<\/td>\n<td>rehabilitace (ZS)<br \/>\n19:00-20:00\n&nbsp;<\/td>\n<\/tr>\n<tr>\n<td>\u00dat<\/td>\n<td>&nbsp;\n&nbsp;<\/td>\n<td>\u017eactvo<br \/>\n15:00-16:30<\/td>\n<td>p\u0159\u00edpravka<br \/>\n16:30-17:30<\/td>\n<td>dor, jun<br \/>\n17:30-19:00<\/td>\n<\/tr>\n<tr>\n<td>St<\/td>\n<td><\/td>\n<td>p\u0159\u00edpravka<br \/>\n15:30-17:00\n&nbsp;<\/td>\n<td>\u017eactvo, dorost, jun<br \/>\n17:00-18:30\n&nbsp;<\/td>\n<td>dor, jun\n(ZS)<br \/>\n19:00-20:00\n&nbsp;<\/td>\n<\/tr>\n<tr>\n<td>\u010ct<\/td>\n<td><\/td>\n<td>n\u00e1bor<br \/>\n15:30-16:30\n&nbsp;<\/td>\n<td>\u017eactvo<br \/>\n16:30-18:00\n&nbsp;<\/td>\n<td>dor, jun<br \/>\n18:00-19:30\n&nbsp;<\/td>\n<\/tr>\n<tr>\n<td>P\u00e1<\/td>\n<td><\/td>\n<td>\u017eactvo<br \/>\n14:00-15:00\n&nbsp;<\/td>\n<td>p\u0159\u00edpravka<br \/>\n15:30-17:00\n&nbsp;<\/td>\n<td>dor, jun\n<p>17:00-18:30<\/p>\n&nbsp;<\/td>\n<\/tr>\n<tr>\n<td>Ne<\/td>\n<td><\/td>\n<td><\/td>\n<td>dor, jun<br \/>\n17:30-19:00\n&nbsp;<\/td>\n<td><\/td>\n<\/tr>\n<\/tbody>\n<\/table>\n<p>&nbsp;<\/p>\n","protected":false},"excerpt":{"rendered":"<p>Rozpis odpoledn\u00edch tr\u00e9nink\u016f (platn\u00fd od 1.9.2020) Pond\u011bl\u00ed n\u00e1bor 15:30-16:30 \u017eactvo, dorost, junio\u0159i 17:00-18:30 rehabilitace (Z\u0160) 19:00-20:00 \u00dater\u00fd \u017eactvo 15:00-16:30 p\u0159\u00edpravka 16:30-17:30 dorost, junio\u0159i 17:30-19:00 St\u0159eda p\u0159\u00edpravka 15:30-17:00 \u017eactvo, dorost, junio\u0159i 17:00-18:30 dorost, junio\u0159i (Z\u0160) 19:00-19:30 \u010ctvrtek n\u00e1bor 15:30-16:30 \u017eactvo 16:30-18:00 dorost, junio\u0159i 18:00-19:30 P\u00e1tek \u017eactvo 14:00-15:00 p\u0159\u00edpravka 15:30-17:00 dorost, junio\u0159i 17:00-18:30 Sobota dorost, junio\u0159i 17:30-19:00&hellip;<\/p>\n","protected":false},"author":1,"featured_media":0,"parent":0,"menu_order":21,"comment_status":"closed","ping_status":"closed","template":"","meta":{"ngg_post_thumbnail":0},"_links":{"self":[{"href":"http:\/\/sportjudo.cz\/index.php?rest_route=\/wp\/v2\/pages\/32"}],"collection":[{"href":"http:\/\/sportjudo.cz\/index.php?rest_route=\/wp\/v2\/pages"}],"about":[{"href":"http:\/\/sportjudo.cz\/index.php?rest_route=\/wp\/v2\/types\/page"}],"author":[{"embeddable":true,"href":"http:\/\/sportjudo.cz\/index.php?rest_route=\/wp\/v2\/users\/1"}],"replies":[{"embeddable":true,"href":"http:\/\/sportjudo.cz\/index.php?rest_route=%2Fwp%2Fv2%2Fcomments&post=32"}],"version-history":[{"count":19,"href":"http:\/\/sportjudo.cz\/index.php?rest_route=\/wp\/v2\/pages\/32\/revisions"}],"predecessor-version":[{"id":1433,"href":"http:\/\/sportjudo.cz\/index.php?rest_route=\/wp\/v2\/pages\/32\/revisions\/1433"}],"wp:attachment":[{"href":"http:\/\/sportjudo.cz\/index.php?rest_route=%2Fwp%2Fv2%2Fmedia&parent=32"}],"curies":[{"name":"wp","href":"https:\/\/api.w.org\/{rel}","templated":true}]}}