{"id":40,"date":"2019-08-01T20:45:33","date_gmt":"2019-08-01T20:45:33","guid":{"rendered":"http:\/\/sportjudo.cz\/?page_id=40"},"modified":"2020-04-30T14:27:18","modified_gmt":"2020-04-30T12:27:18","slug":"scm-lt","status":"publish","type":"page","link":"http:\/\/sportjudo.cz\/?page_id=40","title":{"rendered":"SCM LT"},"content":{"rendered":"<h1>SCM Litom\u011b\u0159ice<br \/>\nSportovn\u00ed centrum ml\u00e1de\u017ee<\/h1>\n<p>tren\u00e9\u0159i:<\/p>\n<p>David Lorenc, tren\u00e9r SCM, tren\u00e9r II.t\u0159\u00eddy<\/p>\n<p>Mgr. V\u00e1clav \u010cerv\u00edn, tren\u00e9r RDD, tren\u00e9r II.t\u0159\u00eddy<\/p>\n<p>Mgr. Tom\u00e1\u0161 Vytla\u010dil, tren\u00e9r SCM, tren\u00e9r II.t\u0159\u00eddy<\/p>\n<table style=\"width: 69.79912663755458%; height: 555px;\" cellspacing=\"0\" cellpadding=\"0\">\n<tbody>\n<tr style=\"height: 51px;\">\n<td style=\"text-align: center; height: 51px;\" colspan=\"4\"><strong><span style=\"font-size: 20px;\">Seznam \u010dlen\u016f SCM na rok 2020<\/span><\/strong><\/p>\n<p><span style=\"color: #000000; font-family: Calibri; font-size: medium;\">&nbsp;<\/span><\/td>\n<\/tr>\n<tr style=\"height: 42px;\">\n<td style=\"text-align: center; height: 42px;\" valign=\"bottom\"><span style=\"color: #000000; font-family: Calibri; font-size: medium;\">Bayer<\/span><\/td>\n<td style=\"text-align: center; height: 42px;\" valign=\"bottom\"><span style=\"color: #000000; font-family: Calibri; font-size: medium;\">Daniel<\/span><\/td>\n<td style=\"text-align: center; height: 42px;\" valign=\"bottom\"><span style=\"color: #000000; font-family: Calibri; font-size: medium;\">2005<\/span><\/td>\n<td style=\"text-align: center; height: 42px;\" valign=\"bottom\"><span style=\"color: #000000; font-family: Calibri; font-size: medium;\">dorostenci<\/span><\/td>\n<\/tr>\n<tr style=\"height: 42px;\">\n<td style=\"text-align: center; height: 42px;\" valign=\"bottom\"><span style=\"color: #000000; font-family: Calibri; font-size: medium;\">Bayer <\/span><\/td>\n<td style=\"text-align: center; height: 42px;\" valign=\"bottom\"><span style=\"color: #000000; font-family: Calibri; font-size: medium;\">Adam<\/span><\/td>\n<td style=\"text-align: center; height: 42px;\" valign=\"bottom\"><span style=\"color: #000000; font-family: Calibri; font-size: medium;\">2005<\/span><\/td>\n<td style=\"text-align: center; height: 42px;\" valign=\"bottom\"><span style=\"color: #000000; font-family: Calibri; font-size: medium;\">dorostenci<\/span><\/td>\n<\/tr>\n<tr style=\"height: 42px;\">\n<td style=\"text-align: center; height: 42px;\" valign=\"bottom\"><span style=\"color: #000000; font-family: Calibri; font-size: medium;\">Zich<\/span><\/td>\n<td style=\"text-align: center; height: 42px;\" valign=\"bottom\"><span style=\"color: #000000; font-family: Calibri; font-size: medium;\">Sebasti\u00e1n<\/span><\/td>\n<td style=\"text-align: center; height: 42px;\" valign=\"bottom\"><span style=\"color: #000000; font-family: Calibri; font-size: medium;\">2005<\/span><\/td>\n<td style=\"text-align: center; height: 42px;\" valign=\"bottom\"><span style=\"color: #000000; font-family: Calibri; font-size: medium;\">dorostenci<\/span><\/td>\n<\/tr>\n<tr style=\"height: 42px;\">\n<td style=\"text-align: center; height: 42px;\" valign=\"bottom\"><span style=\"color: #000000; font-family: Calibri; font-size: medium;\">R\u00fa\u017ea<\/span><\/td>\n<td style=\"text-align: center; height: 42px;\" valign=\"bottom\"><span style=\"color: #000000; font-family: Calibri; font-size: medium;\">Luk\u00e1\u0161<\/span><\/td>\n<td style=\"text-align: center; height: 42px;\" valign=\"bottom\"><span style=\"color: #000000; font-family: Calibri; font-size: medium;\">2004<\/span><\/td>\n<td style=\"text-align: center; height: 42px;\" valign=\"bottom\"><span style=\"color: #000000; font-family: Calibri; font-size: medium;\">dorostenci<\/span><\/td>\n<\/tr>\n<tr style=\"height: 42px;\">\n<td style=\"text-align: center; height: 42px;\" valign=\"bottom\"><span style=\"color: #000000; font-family: Calibri; font-size: medium;\">Vok\u00e1l<\/span><\/td>\n<td style=\"text-align: center; height: 42px;\" valign=\"bottom\"><span style=\"color: #000000; font-family: Calibri; font-size: medium;\">Jan<\/span><\/td>\n<td style=\"text-align: center; height: 42px;\" valign=\"bottom\"><span style=\"color: #000000; font-family: Calibri; font-size: medium;\">2004<\/span><\/td>\n<td style=\"text-align: center; height: 42px;\" valign=\"bottom\"><span style=\"color: #000000; font-family: Calibri; font-size: medium;\">dorostenci<\/span><\/td>\n<\/tr>\n<tr style=\"height: 42px;\">\n<td style=\"text-align: center; height: 42px;\" valign=\"bottom\"><span style=\"color: #000000; font-family: Calibri; font-size: medium;\">Nov\u00e1\u010dek<\/span><\/td>\n<td style=\"text-align: center; height: 42px;\" valign=\"bottom\"><span style=\"color: #000000; font-family: Calibri; font-size: medium;\">V\u00e1clav<\/span><\/td>\n<td style=\"text-align: center; height: 42px;\" valign=\"bottom\"><span style=\"color: #000000; font-family: Calibri; font-size: medium;\">2003<\/span><\/td>\n<td style=\"text-align: center; height: 42px;\" valign=\"bottom\"><span style=\"color: #000000; font-family: Calibri; font-size: medium;\">dorostenci<\/span><\/td>\n<\/tr>\n<tr style=\"height: 42px;\">\n<td style=\"text-align: center; height: 42px;\" valign=\"bottom\"><span style=\"color: #000000; font-family: Calibri; font-size: medium;\">Gab\u0161t\u016fr<\/span><\/td>\n<td style=\"text-align: center; height: 42px;\" valign=\"bottom\"><span style=\"color: #000000; font-family: Calibri; font-size: medium;\">Patrik<\/span><\/td>\n<td style=\"text-align: center; height: 42px;\" valign=\"bottom\"><span style=\"color: #000000; font-family: Calibri; font-size: medium;\">2003<\/span><\/td>\n<td style=\"text-align: center; height: 42px;\" valign=\"bottom\"><span style=\"color: #000000; font-family: Calibri; font-size: medium;\">dorostenci<\/span><\/td>\n<\/tr>\n<tr style=\"height: 42px;\">\n<td style=\"text-align: center; height: 42px;\" valign=\"bottom\"><span style=\"color: #000000; font-family: Calibri; font-size: medium;\">Dole\u017eal <\/span><\/td>\n<td style=\"text-align: center; height: 42px;\" valign=\"bottom\"><span style=\"color: #000000; font-family: Calibri; font-size: medium;\">Michal<\/span><\/td>\n<td style=\"text-align: center; height: 42px;\" valign=\"bottom\"><span style=\"color: #000000; font-family: Calibri; font-size: medium;\">2002<\/span><\/td>\n<td style=\"text-align: center; height: 42px;\" valign=\"bottom\"><span style=\"color: #000000; font-family: Calibri; font-size: medium;\">junio\u0159i<\/span><\/td>\n<\/tr>\n<tr style=\"height: 42px;\">\n<td style=\"text-align: center; height: 42px;\" valign=\"bottom\"><span style=\"color: #000000; font-family: Calibri; font-size: medium;\">Holub<\/span><\/td>\n<td style=\"text-align: center; height: 42px;\" valign=\"bottom\"><span style=\"color: #000000; font-family: Calibri; font-size: medium;\">Ji\u0159\u00ed<\/span><\/td>\n<td style=\"text-align: center; height: 42px;\" valign=\"bottom\"><span style=\"color: #000000; font-family: Calibri; font-size: medium;\">2002<\/span><\/td>\n<td style=\"text-align: center; height: 42px;\" valign=\"bottom\"><span style=\"color: #000000; font-family: Calibri; font-size: medium;\">junio\u0159i<\/span><\/td>\n<\/tr>\n<tr style=\"height: 42px;\">\n<td style=\"text-align: center; height: 42px;\" valign=\"bottom\"><span style=\"color: #000000; font-family: Calibri; font-size: medium;\">K\u00f6nig<\/span><\/td>\n<td style=\"text-align: center; height: 42px;\" valign=\"bottom\"><span style=\"color: #000000; font-family: Calibri; font-size: medium;\">Adam<\/span><\/td>\n<td style=\"text-align: center; height: 42px;\" valign=\"bottom\"><span style=\"color: #000000; font-family: Calibri; font-size: medium;\">2000<\/span><\/td>\n<td style=\"text-align: center; height: 42px;\" valign=\"bottom\"><span style=\"color: #000000; font-family: Calibri; font-size: medium;\">junio\u0159i<\/span><\/td>\n<\/tr>\n<tr style=\"height: 42px;\">\n<td style=\"text-align: center; height: 42px;\" valign=\"bottom\"><span style=\"color: #000000; font-family: Calibri; font-size: medium;\">Svoboda<\/span><\/td>\n<td style=\"text-align: center; height: 42px;\" valign=\"bottom\"><span style=\"color: #000000; font-family: Calibri; font-size: medium;\">Jan<\/span><\/td>\n<td style=\"text-align: center; height: 42px;\" valign=\"bottom\"><span style=\"color: #000000; font-family: Calibri; font-size: medium;\">2000<\/span><\/td>\n<td style=\"text-align: center; height: 42px;\" valign=\"bottom\"><span style=\"color: #000000; font-family: Calibri; font-size: medium;\">junio\u0159i<\/span><\/td>\n<\/tr>\n<tr style=\"height: 42px;\">\n<td style=\"text-align: center; height: 42px;\" valign=\"bottom\"><span style=\"color: #000000; font-family: Calibri; font-size: medium;\">Ma\u0161ek<\/span><\/td>\n<td style=\"text-align: center; height: 42px;\" valign=\"bottom\"><span style=\"color: #000000; font-family: Calibri; font-size: medium;\">Jan<\/span><\/td>\n<td style=\"text-align: center; height: 42px;\" valign=\"bottom\"><span style=\"color: #000000; font-family: Calibri; font-size: medium;\">2000<\/span><\/td>\n<td style=\"text-align: center; height: 42px;\" valign=\"bottom\"><span style=\"color: #000000; font-family: Calibri; font-size: medium;\">junio\u0159i<\/span><\/td>\n<\/tr>\n<\/tbody>\n<\/table>\n<p>&nbsp;<\/p>\n","protected":false},"excerpt":{"rendered":"<p>SCM Litom\u011b\u0159ice Sportovn\u00ed centrum ml\u00e1de\u017ee tren\u00e9\u0159i: David Lorenc, tren\u00e9r SCM, tren\u00e9r II.t\u0159\u00eddy Mgr. V\u00e1clav \u010cerv\u00edn, tren\u00e9r RDD, tren\u00e9r II.t\u0159\u00eddy Mgr. Tom\u00e1\u0161 Vytla\u010dil, tren\u00e9r SCM, tren\u00e9r II.t\u0159\u00eddy Seznam \u010dlen\u016f SCM na rok 2020 &nbsp; Bayer Daniel 2005 dorostenci Bayer Adam 2005 dorostenci Zich Sebasti\u00e1n 2005 dorostenci R\u00fa\u017ea Luk\u00e1\u0161 2004 dorostenci Vok\u00e1l Jan 2004 dorostenci Nov\u00e1\u010dek V\u00e1clav&hellip;<\/p>\n","protected":false},"author":1,"featured_media":0,"parent":0,"menu_order":24,"comment_status":"closed","ping_status":"closed","template":"","meta":{"ngg_post_thumbnail":0},"_links":{"self":[{"href":"http:\/\/sportjudo.cz\/index.php?rest_route=\/wp\/v2\/pages\/40"}],"collection":[{"href":"http:\/\/sportjudo.cz\/index.php?rest_route=\/wp\/v2\/pages"}],"about":[{"href":"http:\/\/sportjudo.cz\/index.php?rest_route=\/wp\/v2\/types\/page"}],"author":[{"embeddable":true,"href":"http:\/\/sportjudo.cz\/index.php?rest_route=\/wp\/v2\/users\/1"}],"replies":[{"embeddable":true,"href":"http:\/\/sportjudo.cz\/index.php?rest_route=%2Fwp%2Fv2%2Fcomments&post=40"}],"version-history":[{"count":10,"href":"http:\/\/sportjudo.cz\/index.php?rest_route=\/wp\/v2\/pages\/40\/revisions"}],"predecessor-version":[{"id":1209,"href":"http:\/\/sportjudo.cz\/index.php?rest_route=\/wp\/v2\/pages\/40\/revisions\/1209"}],"wp:attachment":[{"href":"http:\/\/sportjudo.cz\/index.php?rest_route=%2Fwp%2Fv2%2Fmedia&parent=40"}],"curies":[{"name":"wp","href":"https:\/\/api.w.org\/{rel}","templated":true}]}}